{"id":1835,"date":"2024-08-30T12:39:30","date_gmt":"2024-08-30T11:39:30","guid":{"rendered":"https:\/\/apecatolica.pt\/congresso2024a\/?page_id=1835"},"modified":"2024-11-12T12:12:10","modified_gmt":"2024-11-12T12:12:10","slug":"materiais","status":"publish","type":"page","link":"https:\/\/apecatolica.pt\/congresso2024app\/","title":{"rendered":"Materiais"},"content":{"rendered":"\t\t<div data-elementor-type=\"wp-page\" data-elementor-id=\"1835\" class=\"elementor elementor-1835\" data-elementor-post-type=\"page\">\n\t\t\t\t<div class=\"elementor-element elementor-element-19d426f e-flex e-con-boxed e-con e-parent\" data-id=\"19d426f\" data-element_type=\"container\">\n\t\t\t\t\t<div class=\"e-con-inner\">\n\t\t<div class=\"elementor-element elementor-element-001f3ec e-con-full e-flex e-con e-child\" data-id=\"001f3ec\" data-element_type=\"container\">\n\t\t\t\t<div class=\"elementor-element elementor-element-a8e71fa elementor-widget elementor-widget-spacer\" data-id=\"a8e71fa\" data-element_type=\"widget\" data-widget_type=\"spacer.default\">\n\t\t\t\t<div class=\"elementor-widget-container\">\n\t\t\t\t\t\t\t<div class=\"elementor-spacer\">\n\t\t\t<div class=\"elementor-spacer-inner\"><\/div>\n\t\t<\/div>\n\t\t\t\t\t\t<\/div>\n\t\t\t\t<\/div>\n\t\t\t\t<\/div>\n\t\t\t\t\t<\/div>\n\t\t\t\t<\/div>\n\t\t<div class=\"elementor-element elementor-element-5fc262c e-flex e-con-boxed e-con e-parent\" data-id=\"5fc262c\" data-element_type=\"container\">\n\t\t\t\t\t<div class=\"e-con-inner\">\n\t\t\t\t<div class=\"elementor-element elementor-element-57bc458 elementor-widget elementor-widget-heading\" data-id=\"57bc458\" data-element_type=\"widget\" data-widget_type=\"heading.default\">\n\t\t\t\t<div class=\"elementor-widget-container\">\n\t\t\t\t\t<h2 class=\"elementor-heading-title elementor-size-default\">MATERIAIS<\/h2>\t\t\t\t<\/div>\n\t\t\t\t<\/div>\n\t\t\t\t\t<\/div>\n\t\t\t\t<\/div>\n\t\t<div class=\"elementor-element elementor-element-3e5e0d89 e-flex e-con-boxed e-con e-parent\" data-id=\"3e5e0d89\" data-element_type=\"container\">\n\t\t\t\t\t<div class=\"e-con-inner\">\n\t\t\t\t<div class=\"elementor-element elementor-element-3bd7f38d elementor-widget elementor-widget-text-editor\" data-id=\"3bd7f38d\" data-element_type=\"widget\" data-widget_type=\"text-editor.default\">\n\t\t\t\t<div class=\"elementor-widget-container\">\n\t\t\t\t\t\t\t\t\t<h4>COMUNICA\u00c7\u00d5ES DO CONGRESSSO<\/h4><p><span style=\"color: #ff0000;\"><strong><br \/>DIA 10 OUTUBRO<\/strong><\/span><\/p><ul><li><strong>Sess\u00e3o de abertura<\/strong> do II Congresso Nacional da Escola Cat\u00f3lica [<a href=\"https:\/\/youtu.be\/U1EaVf1a4DY\" target=\"_blank\" rel=\"noopener\">V\u00cdDEO<\/a>]<\/li><li>V\u00eddeo-mensagem do <strong>Cardeal Jos\u00e9 Tolentino Mendon\u00e7a<\/strong> [<a href=\"https:\/\/youtu.be\/7LGcklc5jIQ\" target=\"_blank\" rel=\"noopener\">V\u00cdDEO<\/a>]<\/li><li><strong>Momento orante<\/strong> &#8211; Col\u00e9gio da Rainha Santa Isabel [<a href=\"https:\/\/youtu.be\/1PPz9M0N1Fo\" target=\"_blank\" rel=\"noopener\">V\u00cdDEO<\/a>]<\/li><li>Confer\u00eancia de abertura:<strong> \u00abO papel da Escola Cat\u00f3lica no mundo em <\/strong><strong>mudan\u00e7a\u00bb<\/strong> &#8211; Isabel Capeloa Gil [<a href=\"https:\/\/youtu.be\/AMVKtIwGsgI\" target=\"_blank\" rel=\"noopener\">V\u00cdDEO<\/a>]<\/li><li>2.\u00aa Confer\u00eancia: <strong>\u00abA Escola Cat\u00f3lica em Portugal e os 25 anos da APEC\u00bb<\/strong> &#8211; Jorge Cotovio (Secret\u00e1rio-Geral da APEC) [<a href=\"https:\/\/apecatolica.pt\/congresso2024app\/wp-content\/uploads\/2024\/10\/Os-25-anos-da-APEC-conferencia-J-Cotovio-10out2024-final.pdf\" target=\"_blank\" rel=\"noopener\">PDF<\/a>]\u00a0[<a href=\"https:\/\/apecatolica.pt\/congresso2024app\/wp-content\/uploads\/2024\/10\/PPT_JCotovio.ppt\" target=\"_blank\" rel=\"noopener\">PPT<\/a>] [<a href=\"https:\/\/youtu.be\/YxVOb8g9UVU\" target=\"_blank\" rel=\"noopener\">V\u00cdDEO<\/a>]<\/li><li><strong>Homenagem<\/strong> a Pe. Luciano Guerra, Pe. Aur\u00e9lio Campos, Maria Helena Calado, Pe.Querubim Silva, Di\u00e1c. Ac\u00e1cio Lopes e Ir. Maria da Gl\u00f3ria Cordeiro [<a href=\"https:\/\/www.youtube.com\/watch?v=xr83lWjaEss\" target=\"_blank\" rel=\"noopener\">V\u00cdDEO<\/a>]<\/li><li>3.\u00aa Confer\u00eancia <strong>\u00abO humano e o p\u00f3s-humano\u00bb &#8211; <\/strong>Jo\u00e3o Duque (Pr\u00f3-reitor da UCP)\u00a0[<a href=\"https:\/\/apecatolica.pt\/congresso2024app\/wp-content\/uploads\/2024\/10\/EscolasHumanoPos-humano-joao-duque.pptx\" target=\"_blank\" rel=\"noopener\">PPT<\/a>] [<a href=\"https:\/\/youtu.be\/SSieyBo-Luo\" target=\"_blank\" rel=\"noopener\">V\u00cdDEO<\/a>]<\/li><li>1.\u00ba Painel: <strong>\u00abPromover a mulher\u00bb<\/strong> [<a href=\"https:\/\/youtu.be\/Ser7dU1b-jQ\" target=\"_blank\" rel=\"noopener\">V\u00cdDEO<\/a>]<\/li><li><strong>Grava\u00e7\u00e3o do programa Ecclesia (RTP2 e Antena 1)<\/strong> sobre a educa\u00e7\u00e3o e a rece\u00e7\u00e3o do Pacto Educativo em contexto inter-religioso [<a href=\"https:\/\/youtu.be\/ykuZcwOQKws\" target=\"_blank\" rel=\"noopener\">V\u00cdDEO<\/a>]<\/li><\/ul><p><span style=\"color: #ff0000;\"><strong>DIA 11 OUTUBRO<\/strong><\/span><\/p><ul><li><strong>Momento orante<\/strong> &#8211; Colabora\u00e7\u00e3o da Ir. Maria Am\u00e9lia Costa (CONFHIC) [<a href=\"https:\/\/youtu.be\/3RWxWQGKAX0\" target=\"_blank\" rel=\"noopener\">V\u00cdDEO<\/a>]<\/li><li>4.\u00aa Confer\u00eancia: <strong>\u00abElogio de la familia: lo que se da no se quita\u00bb &#8211; <\/strong>Carlos Go\u00f1i e Pilar Guembe (Pedagogos; autores do livro \u201cEducar con Filosofia\u201d)\u00a0[<a href=\"https:\/\/apecatolica.pt\/congresso2024app\/wp-content\/uploads\/2024\/10\/Elogio-de-la-familia.-Lo-que-se-da-no-se-quita.pptx\">PPT<\/a>] [<a href=\"https:\/\/youtu.be\/IvHkTYhtc7M\" target=\"_blank\" rel=\"noopener\">V\u00cdDEO<\/a>]<\/li><li><strong>Momento cultural<\/strong> &#8211; Externato da Luz [<a href=\"https:\/\/youtu.be\/py7LMJXvKYE\" target=\"_blank\" rel=\"noopener\">V\u00cdDEO<\/a>]<\/li><li><strong>\u00abAbrir-se ao acolhimento dos mais vulner\u00e1veis\u00bb<\/strong> [<a href=\"https:\/\/youtu.be\/TcGC2GR7DE4\" target=\"_blank\" rel=\"noopener\">V\u00cdDEO<\/a>]<strong><br \/><\/strong>Andreia Fernandes, Pedro Rodrigues e Ir. Mini Manjaly (Dire\u00e7\u00e3o do Instituto da Imaculada para Pessoas com Necessidades Especiais \u2013 ISIC) [<a href=\"https:\/\/apecatolica.pt\/congresso2024app\/wp-content\/uploads\/2024\/10\/Apresentacao-Imaculada-APEC-11-out-24.pptx\">PPT<\/a>]<br \/>Alexandra Batista (Diretora Pedag\u00f3gica do Col\u00e9gio de N. S. da Gra\u00e7a \u2013 V. N. de\u00a0 Milfontes) [<a href=\"https:\/\/apecatolica.pt\/congresso2024app\/wp-content\/uploads\/2024\/10\/Inclusao-de-alunos-imigrantes1.pptx\">PPT<\/a>]<\/li><li>3.\u00ba Painel:<strong> \u00abRenovar a economia e a pol\u00edtica\u00bb &#8211;<\/strong> O l\u00edder dos empres\u00e1rios e gestores cat\u00f3licos \u00e0 conversa com tr\u00eas jovens [<a href=\"https:\/\/youtu.be\/G7H39Z2dEY4\" target=\"_blank\" rel=\"noopener\">V\u00cdDEO<\/a>]<br \/>Marta Gon\u00e7alves (Aluna do Col\u00e9gio do Sagrado Cora\u00e7\u00e3o de Maria \u2013 Lisboa)<br \/>Jos\u00e9 Duarte (Aluno do Col\u00e9gio Dom Diogo de Sousa \u2013 Braga)<br \/>Teresa Ramos Ascens\u00e3o (Ex-aluna do Col\u00e9gio de S. Tom\u00e1s \u2013 Lisboa)<br \/>Jo\u00e3o Pedro Tavares (Presidente da Associa\u00e7\u00e3o Crist\u00e3 de Empres\u00e1rios e Gestores \u2013 ACEGE)<\/li><li>4.\u00ba Painel:<strong> \u00abPacto Educativo sem fronteiras \u2013 Espanha, Alb\u00e2nia e Ucr\u00e2nia\u00bb<\/strong> <a href=\"https:\/\/youtu.be\/fMIcxJuXpbg\" target=\"_blank\" rel=\"noopener\">[V\u00cdDEO<\/a>]<br \/>Pe. Pedro Huerta (Secret\u00e1rio-Geral de Escuelas Cat\u00f3licas)<br \/>Ir. Teuta Buka (Coordenadora das escolas cat\u00f3licas da Alb\u00e2nia)\u00a0<br \/>Pe. Petro Maiba (Coordenador das escolas cat\u00f3licas da Ucr\u00e2nia)\u00a0[<a href=\"https:\/\/apecatolica.pt\/congresso2024app\/wp-content\/uploads\/2024\/10\/padrepedro-ucrania.pptx\">PPT<\/a>]<\/li><li>Confer\u00eancia de encerramento: <strong>\u00abLiberdade de educa\u00e7\u00e3o inegoci\u00e1vel e <\/strong><strong>Pacto Educativo\u00bb<\/strong> &#8211; M\u00e1rio Pinto (Professor catedr\u00e1tico jubilado do ISCTE e da UCP) [<a href=\"https:\/\/youtu.be\/NxxsWg5dsrg\" target=\"_blank\" rel=\"noopener\">V\u00cdDEO<\/a>]<\/li><li><strong>Homenagem ao professor M\u00e1rio Pinto<\/strong> [<a href=\"https:\/\/youtu.be\/wagBx2BZecQ\" target=\"_blank\" rel=\"noopener\">V\u00cdDEO<\/a>]<\/li><li><strong>Perspetivas emergentes<\/strong> &#8211; Alfredo Teixeira (Professor da Faculdade de Teologia \u2013 UCP)\u00a0[<a href=\"https:\/\/apecatolica.pt\/congresso2024app\/wp-content\/uploads\/2024\/10\/Habitar-o-ato-educativo.pptx\" target=\"_blank\" rel=\"noopener\">PPT<\/a>] [<a href=\"https:\/\/youtu.be\/1q5122ysPgg\" target=\"_blank\" rel=\"noopener\">V\u00cdDEO<\/a>]<\/li><li><strong>Sess\u00e3o de encerramento<\/strong> [<a href=\"https:\/\/youtu.be\/gM_bCP43Q5M\" target=\"_blank\" rel=\"noopener\">V\u00cdDEO<\/a>]<\/li><li><strong>Momento orante<\/strong> &#8211; Jo\u00e3o Maria Carvalho [<a href=\"https:\/\/youtu.be\/vmbl0tNUJSs\" target=\"_blank\" rel=\"noopener\">V\u00cdDEO<\/a>]<\/li><\/ul><h4 style=\"font-weight: 400;\"><strong>PLAYLIST DOS V\u00cdDEOS DO CONGRESSO<\/strong><\/h4><p><div class=\"ast-oembed-container \" style=\"height: 100%;\"><iframe title=\"II Congresso Nacional das Escolas Cat\u00f3licas\" width=\"500\" height=\"281\" src=\"https:\/\/www.youtube.com\/embed\/videoseries?list=PLQKGieeXxEy84RvNY8WAJBGroTEpZ8bhF\" frameborder=\"0\" allow=\"accelerometer; autoplay; clipboard-write; encrypted-media; gyroscope; picture-in-picture; web-share\" referrerpolicy=\"strict-origin-when-cross-origin\" allowfullscreen><\/iframe><\/div><\/p><h4>\u00a0<\/h4><h4>FOTOGALERIA<\/h4><ul><li><a href=\"https:\/\/apecatolica.pt\/congresso2024app\/fotogaleria\/\">Sele\u00e7\u00e3o de algumas fotos<\/a><\/li><\/ul><h4>PACTO EDUCATIVO GLOBAL<\/h4><ul><li>Pacto Educativo Gobal &#8211;<em> Col\u00e9gio da Rainha Santa Isabel<\/em> [<a href=\"https:\/\/youtu.be\/z6M4RnHJz5M\" target=\"_blank\" rel=\"noopener\">V\u00cdDEO<\/a>]<\/li><li>Voluntariado &#8211; <em>Centro de Estudos de F\u00e1tima<\/em> [<a href=\"https:\/\/youtu.be\/-kKUsFc0mdI\" target=\"_blank\" rel=\"noopener\">V\u00cdDEO<\/a>]<\/li><li>Projeto CEF &#8211; Eco Escola &#8211; <em>Centro de Estudos de F\u00e1tima<\/em> [<a href=\"https:\/\/youtu.be\/5aPT-m4dbCc\" target=\"_blank\" rel=\"noopener\">V\u00cdDEO<\/a>]<\/li><li>Sustentabilidade &amp; ecologia &#8211; <em>Externato de Penafirme<\/em> [<a href=\"https:\/\/youtu.be\/6Pia2X8Ahb8\" target=\"_blank\" rel=\"noopener\">V\u00cdDEO<\/a>]<\/li><li>Cuidar &#8211; <em>Escola Santa Clara &#8211; Bragan\u00e7a<\/em> [<a href=\"https:\/\/youtu.be\/U7efu-kJdOk\" target=\"_blank\" rel=\"noopener\">V\u00cdDEO<\/a>]<\/li><li>Laudato Si &#8211;<em> Escola Santa Clara &#8211; Bragan\u00e7a<\/em> [<a href=\"https:\/\/youtu.be\/pDFIJlbvXoQ\" target=\"_blank\" rel=\"noopener\">V\u00cdDEO<\/a>]<\/li><li>Apresenta\u00e7\u00e3o BGREEN &#8211;<em> Col\u00e9gio das Caldinhas<\/em> [<a href=\"https:\/\/youtu.be\/gIIndwt6gEA\" target=\"_blank\" rel=\"noopener\">V\u00cdDEO<\/a>]<\/li><li>Cuidar da Casa Comum &#8211;<em> Col\u00e9gio Conciliar de Maria Imaculada<\/em> [<a href=\"https:\/\/youtu.be\/L55Z3fm6OWY\" target=\"_blank\" rel=\"noopener\">V\u00cdDEO<\/a>]<\/li><li><p>Projeto EcoMarista &#8211;\u00a0Uma Escola Sustent\u00e1vel &#8211;\u00a0<i>Col\u00e9gio Marista de Carcavelos <\/i>[<a href=\"https:\/\/apecatolica.pt\/congresso2024app\/wp-content\/uploads\/2024\/10\/Projeto-EcoMarista-Congresso.pdf\" target=\"_blank\" rel=\"noopener\">PDF<\/a>]<\/p><\/li><\/ul><h4>OUTROS MATERIAIS<\/h4><ul><li><a href=\"https:\/\/apecatolica.pt\/congresso2024app\/wp-content\/uploads\/2024\/10\/Semana-Nacional-da-Educacao-Crista-2024-NOTA-PASTORAL.pdf\" target=\"_blank\" rel=\"noopener\">Nota Pastoral da Comiss\u00e3o Espiscopal da Educa\u00e7\u00e3o Crist\u00e3 e Doutrina da F\u00e9 para a Semana Nacional da Educa\u00e7\u00e3o Crist\u00e3<\/a><\/li><li><a href=\"https:\/\/apecatolica.pt\/wp-content\/uploads\/2024\/05\/Cartaz-II-Congresso-EC2024.jpg\" target=\"_blank\" rel=\"noopener\">Cartaz (jpg)<\/a><\/li><li><a href=\"https:\/\/apecatolica.pt\/congresso2024app\/wp-content\/uploads\/2024\/10\/Programa_II_Congresso_da_EC_08outubro.pdf\" target=\"_blank\" rel=\"noopener\">Programa<\/a><\/li><\/ul>\t\t\t\t\t\t\t\t<\/div>\n\t\t\t\t<\/div>\n\t\t\t\t\t<\/div>\n\t\t\t\t<\/div>\n\t\t\t\t<\/div>\n\t\t","protected":false},"excerpt":{"rendered":"<p>MATERIAIS COMUNICA\u00c7\u00d5ES DO CONGRESSSO DIA 10 OUTUBRO Sess\u00e3o de abertura do II Congresso Nacional da Escola Cat\u00f3lica [V\u00cdDEO] V\u00eddeo-mensagem do [&hellip;]<\/p>\n","protected":false},"author":1,"featured_media":0,"parent":0,"menu_order":0,"comment_status":"closed","ping_status":"closed","template":"elementor_header_footer","meta":{"site-sidebar-layout":"default","site-content-layout":"","ast-site-content-layout":"default","site-content-style":"default","site-sidebar-style":"default","ast-global-header-display":"","ast-banner-title-visibility":"","ast-main-header-display":"","ast-hfb-above-header-display":"","ast-hfb-below-header-display":"","ast-hfb-mobile-header-display":"","site-post-title":"","ast-breadcrumbs-content":"","ast-featured-img":"","footer-sml-layout":"","theme-transparent-header-meta":"default","adv-header-id-meta":"","stick-header-meta":"default","header-above-stick-meta":"","header-main-stick-meta":"","header-below-stick-meta":"","astra-migrate-meta-layouts":"set","ast-page-background-enabled":"default","ast-page-background-meta":{"desktop":{"background-color":"var(--ast-global-color-4)","background-image":"","background-repeat":"repeat","background-position":"center center","background-size":"auto","background-attachment":"scroll","background-type":"","background-media":"","overlay-type":"","overlay-color":"","overlay-opacity":"","overlay-gradient":""},"tablet":{"background-color":"","background-image":"","background-repeat":"repeat","background-position":"center center","background-size":"auto","background-attachment":"scroll","background-type":"","background-media":"","overlay-type":"","overlay-color":"","overlay-opacity":"","overlay-gradient":""},"mobile":{"background-color":"","background-image":"","background-repeat":"repeat","background-position":"center center","background-size":"auto","background-attachment":"scroll","background-type":"","background-media":"","overlay-type":"","overlay-color":"","overlay-opacity":"","overlay-gradient":""}},"ast-content-background-meta":{"desktop":{"background-color":"var(--ast-global-color-5)","background-image":"","background-repeat":"repeat","background-position":"center center","background-size":"auto","background-attachment":"scroll","background-type":"","background-media":"","overlay-type":"","overlay-color":"","overlay-opacity":"","overlay-gradient":""},"tablet":{"background-color":"var(--ast-global-color-5)","background-image":"","background-repeat":"repeat","background-position":"center center","background-size":"auto","background-attachment":"scroll","background-type":"","background-media":"","overlay-type":"","overlay-color":"","overlay-opacity":"","overlay-gradient":""},"mobile":{"background-color":"var(--ast-global-color-5)","background-image":"","background-repeat":"repeat","background-position":"center center","background-size":"auto","background-attachment":"scroll","background-type":"","background-media":"","overlay-type":"","overlay-color":"","overlay-opacity":"","overlay-gradient":""}},"_joinchat":[],"footnotes":""},"class_list":["post-1835","page","type-page","status-publish","hentry"],"rttpg_featured_image_url":null,"rttpg_author":{"display_name":"admin1","author_link":"https:\/\/apecatolica.pt\/congresso2024app\/author\/admin1\/"},"rttpg_comment":0,"rttpg_category":null,"rttpg_excerpt":"MATERIAIS COMUNICA\u00c7\u00d5ES DO CONGRESSSO DIA 10 OUTUBRO Sess\u00e3o de abertura do II Congresso Nacional da Escola Cat\u00f3lica [V\u00cdDEO] V\u00eddeo-mensagem do [&hellip;]","_links":{"self":[{"href":"https:\/\/apecatolica.pt\/congresso2024app\/wp-json\/wp\/v2\/pages\/1835","targetHints":{"allow":["GET"]}}],"collection":[{"href":"https:\/\/apecatolica.pt\/congresso2024app\/wp-json\/wp\/v2\/pages"}],"about":[{"href":"https:\/\/apecatolica.pt\/congresso2024app\/wp-json\/wp\/v2\/types\/page"}],"author":[{"embeddable":true,"href":"https:\/\/apecatolica.pt\/congresso2024app\/wp-json\/wp\/v2\/users\/1"}],"replies":[{"embeddable":true,"href":"https:\/\/apecatolica.pt\/congresso2024app\/wp-json\/wp\/v2\/comments?post=1835"}],"version-history":[{"count":105,"href":"https:\/\/apecatolica.pt\/congresso2024app\/wp-json\/wp\/v2\/pages\/1835\/revisions"}],"predecessor-version":[{"id":2435,"href":"https:\/\/apecatolica.pt\/congresso2024app\/wp-json\/wp\/v2\/pages\/1835\/revisions\/2435"}],"wp:attachment":[{"href":"https:\/\/apecatolica.pt\/congresso2024app\/wp-json\/wp\/v2\/media?parent=1835"}],"curies":[{"name":"wp","href":"https:\/\/api.w.org\/{rel}","templated":true}]}}